{"id":11319,"date":"2024-12-11T01:44:52","date_gmt":"2024-12-11T04:44:52","guid":{"rendered":"https:\/\/sementesdaboanova.org\/loja\/?post_type=product&#038;p=11319"},"modified":"2024-12-11T01:44:52","modified_gmt":"2024-12-11T04:44:52","slug":"radiografia-espirita-das-escrituras-sagradas-ebook-2","status":"publish","type":"product","link":"https:\/\/sementesdaboanova.org\/loja\/produto\/radiografia-espirita-das-escrituras-sagradas-ebook-2\/","title":{"rendered":"Radiografia Esp\u00edrita das Escrituras Sagradas &#8211; EBOOK"},"content":{"rendered":"<p>O livro &#8220;Radiografia Esp\u00edrita das Escrituras Sagradas &#8211; Um Estudo Comparativo&#8221; \u00e9 uma an\u00e1lise sob a \u00f3tica espiritista das assertivas, passagens e fen\u00f4menos do Antigo e Novo Testamento. A obra carrega em seu bojo a miss\u00e3o de retirar a m\u00e1scara lit\u00fargica dos textos sagrados, impregnada no senso comum por s\u00e9culos. S\u00f3 agora o homem come\u00e7a a compreender que os milagres e os fatos fant\u00e1sticos descritos na B\u00edblia s\u00e3o acontecimentos naturais, regidos por leis naturais \u2014 conhecimento esse que veio com o advento do espiritismo, comumente chamado de \u201cO Consolador Prometido\u201d.<br \/>\nAl\u00e9m disso, \u00e9 um instrumento de estudo comparativo e an\u00e1lise das quest\u00f5es doutrin\u00e1rias contidas na B\u00edblia em paridade com as fornecidas pelo Pentateuco Kardequiano e as ditas, obras complementares. Desde \u00e9pocas imemoriais foram elas introduzidas pelo plano espiritual,\u00a0<em>\u201cos ministros de Deus e os agentes de sua vontade\u201d<\/em>\u00a0referidos por Kardec, em realidade o livro funciona como uma fonte de pesquisa comparativa. Conclu\u00edda a sua leitura, perceber\u00e1 o leitor amigo, que tanto o \u201clivro sagrado\u201d como a codifica\u00e7\u00e3o Kardecista tiveram uma \u201c\u00fanica\u201d fonte e um \u00fanico objetivo:\u00a0<strong>A instru\u00e7\u00e3o do homem<\/strong>.<\/p>\n<p><em>\u201cRadiografia Esp\u00edrita das Escrituras Sagradas, \u00e9 norteada pelos mais belos c\u00e1lices de acuidade e fidedigna coes\u00e3o com os preceitos do Cristo de Deus, corroborando com a anuncia\u00e7\u00e3o do Evangelho de Jesus e com o experienciar da fraternidade universal, vinculada santamente com o car\u00e1ter de sua imperiosa mensagem, em regime de urg\u00eancia. Recomendamos a leitura prof\u00edcua desse empreendimento liter\u00e1rio, com votos de abundante aprendizado m\u00fatuo e franco, pujante e repleno de boas obras, da parte de Deus, nosso Pai, da do Mestre m\u00e1ximo, Jesus e dos nossos compartes da espiritualidade maior\u201d.<\/em><\/p>\n<p>Anax\u00e1goras<br \/>\n<em>(Esp\u00edrito guia do M\u00e9dium e Professor Jos\u00e9 Correia da Silva)<\/em><\/p>\n","protected":false},"excerpt":{"rendered":"<p>O livro &#8220;Radiografia Esp\u00edrita das Escrituras Sagradas &#8211; Um Estudo Comparativo&#8221; \u00e9 uma an\u00e1lise sob a \u00f3tica espiritista das assertivas, passagens e fen\u00f4menos do Antigo e Novo Testamento. A obra carrega em seu bojo a miss\u00e3o de retirar a m\u00e1scara lit\u00fargica dos textos sagrados, impregnada no senso comum por s\u00e9culos. S\u00f3 agora o homem come\u00e7a a compreender que os milagres e os fatos fant\u00e1sticos descritos na B\u00edblia s\u00e3o acontecimentos naturais, regidos por leis naturais \u2014 conhecimento esse que veio com o advento do espiritismo, comumente chamado de \u201cO Consolador Prometido\u201d.<br \/>\nAl\u00e9m disso, \u00e9 um instrumento de estudo comparativo e an\u00e1lise das quest\u00f5es doutrin\u00e1rias contidas na B\u00edblia em paridade com as fornecidas pelo Pentateuco Kardequiano e as ditas, obras complementares. Desde \u00e9pocas imemoriais foram elas introduzidas pelo plano espiritual,\u00a0<em>\u201cos ministros de Deus e os agentes de sua vontade\u201d<\/em>\u00a0referidos por Kardec, em realidade o livro funciona como uma fonte de pesquisa comparativa. Conclu\u00edda a sua leitura, perceber\u00e1 o leitor amigo, que tanto o \u201clivro sagrado\u201d como a codifica\u00e7\u00e3o Kardecista tiveram uma \u201c\u00fanica\u201d fonte e um \u00fanico objetivo:\u00a0<strong>A instru\u00e7\u00e3o do homem<\/strong>.<\/p>\n<p><em>\u201cRadiografia Esp\u00edrita das Escrituras Sagradas, \u00e9 norteada pelos mais belos c\u00e1lices de acuidade e fidedigna coes\u00e3o com os preceitos do Cristo de Deus, corroborando com a anuncia\u00e7\u00e3o do Evangelho de Jesus e com o experienciar da fraternidade universal, vinculada santamente com o car\u00e1ter de sua imperiosa mensagem, em regime de urg\u00eancia. Recomendamos a leitura prof\u00edcua desse empreendimento liter\u00e1rio, com votos de abundante aprendizado m\u00fatuo e franco, pujante e repleno de boas obras, da parte de Deus, nosso Pai, da do Mestre m\u00e1ximo, Jesus e dos nossos compartes da espiritualidade maior\u201d.<\/em><\/p>\n<p>Anax\u00e1goras<br \/>\n<em>(Esp\u00edrito guia do M\u00e9dium e Professor Jos\u00e9 Correia da Silva)<\/em><\/p>\n","protected":false},"featured_media":11314,"comment_status":"open","ping_status":"closed","template":"","meta":[],"product_brand":[],"product_cat":[22],"product_tag":[29],"class_list":{"0":"post-11319","1":"product","2":"type-product","3":"status-publish","4":"has-post-thumbnail","6":"product_cat-livros","7":"product_tag-livro","9":"first","10":"instock","11":"shipping-taxable","12":"product-type-external"},"_links":{"self":[{"href":"https:\/\/sementesdaboanova.org\/loja\/wp-json\/wp\/v2\/product\/11319","targetHints":{"allow":["GET"]}}],"collection":[{"href":"https:\/\/sementesdaboanova.org\/loja\/wp-json\/wp\/v2\/product"}],"about":[{"href":"https:\/\/sementesdaboanova.org\/loja\/wp-json\/wp\/v2\/types\/product"}],"replies":[{"embeddable":true,"href":"https:\/\/sementesdaboanova.org\/loja\/wp-json\/wp\/v2\/comments?post=11319"}],"wp:featuredmedia":[{"embeddable":true,"href":"https:\/\/sementesdaboanova.org\/loja\/wp-json\/wp\/v2\/media\/11314"}],"wp:attachment":[{"href":"https:\/\/sementesdaboanova.org\/loja\/wp-json\/wp\/v2\/media?parent=11319"}],"wp:term":[{"taxonomy":"product_brand","embeddable":true,"href":"https:\/\/sementesdaboanova.org\/loja\/wp-json\/wp\/v2\/product_brand?post=11319"},{"taxonomy":"product_cat","embeddable":true,"href":"https:\/\/sementesdaboanova.org\/loja\/wp-json\/wp\/v2\/product_cat?post=11319"},{"taxonomy":"product_tag","embeddable":true,"href":"https:\/\/sementesdaboanova.org\/loja\/wp-json\/wp\/v2\/product_tag?post=11319"}],"curies":[{"name":"wp","href":"https:\/\/api.w.org\/{rel}","templated":true}]}}