{"id":11321,"date":"2024-12-11T01:44:52","date_gmt":"2024-12-11T04:44:52","guid":{"rendered":"https:\/\/sementesdaboanova.org\/loja\/?post_type=product&#038;p=11321"},"modified":"2024-12-11T01:45:29","modified_gmt":"2024-12-11T04:45:29","slug":"brasil-escola-de-almas-e-book-2","status":"publish","type":"product","link":"https:\/\/sementesdaboanova.org\/loja\/produto\/brasil-escola-de-almas-e-book-2\/","title":{"rendered":"Brasil: Escola de Almas &#8211; E-book"},"content":{"rendered":"<p><img loading=\"lazy\" decoding=\"async\" class=\"alignnone size-medium wp-image-10976\" src=\"https:\/\/sementesdaboanova.org\/wp-content\/uploads\/2024\/01\/Brasil-escola-de-almas-188x300.jpg\" alt=\"\" width=\"188\" height=\"300\" srcset=\"https:\/\/sementesdaboanova.org\/loja\/wp-content\/uploads\/2024\/01\/Brasil-escola-de-almas-188x300.jpg 188w, https:\/\/sementesdaboanova.org\/loja\/wp-content\/uploads\/2024\/01\/Brasil-escola-de-almas-416x664.jpg 416w, https:\/\/sementesdaboanova.org\/loja\/wp-content\/uploads\/2024\/01\/Brasil-escola-de-almas-642x1024.jpg 642w, https:\/\/sementesdaboanova.org\/loja\/wp-content\/uploads\/2024\/01\/Brasil-escola-de-almas-768x1226.jpg 768w, https:\/\/sementesdaboanova.org\/loja\/wp-content\/uploads\/2024\/01\/Brasil-escola-de-almas-963x1536.jpg 963w, https:\/\/sementesdaboanova.org\/loja\/wp-content\/uploads\/2024\/01\/Brasil-escola-de-almas-1283x2048.jpg 1283w, https:\/\/sementesdaboanova.org\/loja\/wp-content\/uploads\/2024\/01\/Brasil-escola-de-almas.jpg 1410w\" sizes=\"auto, (max-width: 188px) 100vw, 188px\" \/><\/p>\n","protected":false},"excerpt":{"rendered":"<p>O romance esp\u00edrita Brasil: Escola de Almas ditado pelo Esp\u00edrito Irm\u00e3o Metelo, revela uma \u00e9poca \u00e1urea desta na\u00e7\u00e3o com a administra\u00e7\u00e3o do Imperador Dom Pedro II. Sua vis\u00e3o futurista e altru\u00edsta permitiu ao Brasil no rastro do iluminismo, chegar a uma posi\u00e7\u00e3o de destaque internacionalmente consolidando o maior crescimento do pa\u00eds at\u00e9 ent\u00e3o. Incompreendido e ao mesmo tempo amado por muitos, abriu m\u00e3o da monarquia em prol da incipiente rep\u00fablica de forma humilde e resignada.<\/p>\n<p>A segunda parte da obra retrata os desdobramentos da lei de causa e efeito com alguns personagens de destaque da nova rep\u00fablica, revelando a lei justa e s\u00e1bia que rege nossas vidas. Irm\u00e3o Metelo de forma cl\u00e1ssica e objetiva nos ensina que a P\u00e1tria do Evangelho segue os sacrossantos objetivos estabelecidos pelo cristo, ainda que o livre arb\u00edtrio individual postergue a tarefa, embora tudo concorra para a edifica\u00e7\u00e3o do bem.<\/p>\n","protected":false},"featured_media":11316,"comment_status":"open","ping_status":"closed","template":"","meta":[],"product_brand":[],"product_cat":[21],"product_tag":[],"class_list":{"0":"post-11321","1":"product","2":"type-product","3":"status-publish","4":"has-post-thumbnail","6":"product_cat-e-book-amazon","8":"first","9":"instock","10":"shipping-taxable","11":"product-type-external"},"_links":{"self":[{"href":"https:\/\/sementesdaboanova.org\/loja\/wp-json\/wp\/v2\/product\/11321","targetHints":{"allow":["GET"]}}],"collection":[{"href":"https:\/\/sementesdaboanova.org\/loja\/wp-json\/wp\/v2\/product"}],"about":[{"href":"https:\/\/sementesdaboanova.org\/loja\/wp-json\/wp\/v2\/types\/product"}],"replies":[{"embeddable":true,"href":"https:\/\/sementesdaboanova.org\/loja\/wp-json\/wp\/v2\/comments?post=11321"}],"wp:featuredmedia":[{"embeddable":true,"href":"https:\/\/sementesdaboanova.org\/loja\/wp-json\/wp\/v2\/media\/11316"}],"wp:attachment":[{"href":"https:\/\/sementesdaboanova.org\/loja\/wp-json\/wp\/v2\/media?parent=11321"}],"wp:term":[{"taxonomy":"product_brand","embeddable":true,"href":"https:\/\/sementesdaboanova.org\/loja\/wp-json\/wp\/v2\/product_brand?post=11321"},{"taxonomy":"product_cat","embeddable":true,"href":"https:\/\/sementesdaboanova.org\/loja\/wp-json\/wp\/v2\/product_cat?post=11321"},{"taxonomy":"product_tag","embeddable":true,"href":"https:\/\/sementesdaboanova.org\/loja\/wp-json\/wp\/v2\/product_tag?post=11321"}],"curies":[{"name":"wp","href":"https:\/\/api.w.org\/{rel}","templated":true}]}}