{"id":11322,"date":"2024-12-11T01:44:52","date_gmt":"2024-12-11T04:44:52","guid":{"rendered":"https:\/\/sementesdaboanova.org\/loja\/?post_type=product&#038;p=11322"},"modified":"2024-12-11T19:41:52","modified_gmt":"2024-12-11T22:41:52","slug":"eutanasia-em-animais-certo-ou-errado","status":"publish","type":"product","link":"https:\/\/sementesdaboanova.org\/loja\/produto\/eutanasia-em-animais-certo-ou-errado\/","title":{"rendered":"Eutan\u00e1sia em Animais: Certo ou Errado? E-book"},"content":{"rendered":"<p><img loading=\"lazy\" decoding=\"async\" class=\"alignnone size-medium wp-image-12515\" src=\"https:\/\/sementesdaboanova.org\/wp-content\/uploads\/2024\/07\/Capa-Eutanasia-sem-gabarito-corrigida01-196x300.jpg\" alt=\"\" width=\"196\" height=\"300\" \/><\/p>\n","protected":false},"excerpt":{"rendered":"<p>O livro Eutan\u00e1sia em Animais: Certo ou Errado? Revela um mergulho profundo no mundo ps\u00edquico e cognitivo dos animais, apontando de forma sistem\u00e1tica, a sua respectiva evolu\u00e7\u00e3o, bem como a sua individualidade e a o seu progresso espiritual. O autor apresenta as mais recentes pesquisas cient\u00edficas sobre cogni\u00e7\u00e3o animal, al\u00e9m da evolu\u00e7\u00e3o biol\u00f3gica de suas estruturas fisiol\u00f3gicas alinhadas com os postulados da doutrina esp\u00edrita, misturando ci\u00eancia e espiritualidade de forma harm\u00f4nica e objetiva.<\/p>\n<p>Prop\u00f5e o poss\u00edvel equ\u00edvoco de promover-se a eutan\u00e1sia em animais sob qualquer aspecto e acima de tudo com o objetivo de poup\u00e1-los de seus sofrimentos, demonstrando pela \u00f3tica esp\u00edrita que a lei de causa e efeito \u00e9 soberana acima de todas as coisas e o sofrimento e as doen\u00e7as, fazem parte do processo de aprendizado dos mesmos. Ao mesmo tempo, prop\u00f5e de forma ousada que tamb\u00e9m h\u00e1 expia\u00e7\u00e3o animal, de forma sutil e subliminar, mas suficiente para consolidar processos de aprendizado proporcionais tamb\u00e9m nos animais n\u00e3o-humanos. Revela ainda, estat\u00edsticas tristes a respeito da eutan\u00e1sia e do alto \u00edndice de suic\u00eddios entre m\u00e9dicos veterin\u00e1rios, nos remetendo a graves reflex\u00f5es sobre o assunto.<\/p>\n","protected":false},"featured_media":11324,"comment_status":"open","ping_status":"closed","template":"","meta":[],"product_brand":[],"product_cat":[22],"product_tag":[],"class_list":{"0":"post-11322","1":"product","2":"type-product","3":"status-publish","4":"has-post-thumbnail","6":"product_cat-livros","8":"first","9":"instock","10":"shipping-taxable","11":"product-type-external"},"_links":{"self":[{"href":"https:\/\/sementesdaboanova.org\/loja\/wp-json\/wp\/v2\/product\/11322","targetHints":{"allow":["GET"]}}],"collection":[{"href":"https:\/\/sementesdaboanova.org\/loja\/wp-json\/wp\/v2\/product"}],"about":[{"href":"https:\/\/sementesdaboanova.org\/loja\/wp-json\/wp\/v2\/types\/product"}],"replies":[{"embeddable":true,"href":"https:\/\/sementesdaboanova.org\/loja\/wp-json\/wp\/v2\/comments?post=11322"}],"wp:featuredmedia":[{"embeddable":true,"href":"https:\/\/sementesdaboanova.org\/loja\/wp-json\/wp\/v2\/media\/11324"}],"wp:attachment":[{"href":"https:\/\/sementesdaboanova.org\/loja\/wp-json\/wp\/v2\/media?parent=11322"}],"wp:term":[{"taxonomy":"product_brand","embeddable":true,"href":"https:\/\/sementesdaboanova.org\/loja\/wp-json\/wp\/v2\/product_brand?post=11322"},{"taxonomy":"product_cat","embeddable":true,"href":"https:\/\/sementesdaboanova.org\/loja\/wp-json\/wp\/v2\/product_cat?post=11322"},{"taxonomy":"product_tag","embeddable":true,"href":"https:\/\/sementesdaboanova.org\/loja\/wp-json\/wp\/v2\/product_tag?post=11322"}],"curies":[{"name":"wp","href":"https:\/\/api.w.org\/{rel}","templated":true}]}}