{"id":7991,"date":"2022-03-13T11:29:39","date_gmt":"2022-03-13T14:29:39","guid":{"rendered":"https:\/\/sementesdaboanova.org\/?post_type=product&#038;p=7991"},"modified":"2024-12-11T01:46:29","modified_gmt":"2024-12-11T04:46:29","slug":"sob-o-imperio-do-sol-ebook","status":"publish","type":"product","link":"https:\/\/sementesdaboanova.org\/loja\/produto\/sob-o-imperio-do-sol-ebook\/","title":{"rendered":"Sob o Imp\u00e9rio do Sol &#8211; EBOOK"},"content":{"rendered":"<p><img loading=\"lazy\" decoding=\"async\" class=\"alignnone size-medium wp-image-5362\" src=\"https:\/\/sementesdaboanova.org\/wp-content\/uploads\/2021\/06\/WhatsApp-Image-2021-05-07-at-15.02.51-214x300.jpeg\" alt=\"\" width=\"214\" height=\"300\" srcset=\"https:\/\/sementesdaboanova.org\/loja\/wp-content\/uploads\/2021\/06\/WhatsApp-Image-2021-05-07-at-15.02.51-214x300.jpeg 214w, https:\/\/sementesdaboanova.org\/loja\/wp-content\/uploads\/2021\/06\/WhatsApp-Image-2021-05-07-at-15.02.51-416x582.jpeg 416w, https:\/\/sementesdaboanova.org\/loja\/wp-content\/uploads\/2021\/06\/WhatsApp-Image-2021-05-07-at-15.02.51-732x1024.jpeg 732w, https:\/\/sementesdaboanova.org\/loja\/wp-content\/uploads\/2021\/06\/WhatsApp-Image-2021-05-07-at-15.02.51-768x1074.jpeg 768w, https:\/\/sementesdaboanova.org\/loja\/wp-content\/uploads\/2021\/06\/WhatsApp-Image-2021-05-07-at-15.02.51-600x839.jpeg 600w, https:\/\/sementesdaboanova.org\/loja\/wp-content\/uploads\/2021\/06\/WhatsApp-Image-2021-05-07-at-15.02.51.jpeg 915w\" sizes=\"auto, (max-width: 214px) 100vw, 214px\" \/><\/p>\n","protected":false},"excerpt":{"rendered":"<p><strong>Sinopse Sob o Imp\u00e9rio do Sol<\/strong><\/p>\n<p>O novo livro de nosso <em>Irm\u00e3o Metelo,<\/em> aborda em sua primeira parte algumas passagens da civiliza\u00e7\u00e3o Maia, que ap\u00f3s a dos Atlantes, talvez tenha sido a mais enigm\u00e1tica da humanidade. \u00c9 sem sombra de d\u00favidas, que Podemos elencar, que as densas florestas mesoamericanas e muitos \u201c<em>Cenotes\u201d<\/em> localizados perto das faixas litor\u00e2neas do Caribe, guardam ainda segredos, que pouco a pouco a ci\u00eancia vem revelando. Em especial, este romance em sua primeira parte, n\u00f3s vamos conhecer a hist\u00f3ria de Akyaabil, rei Maia e de seu s\u00e9quito, no enfrentamento \u00e0 terr\u00edvel invas\u00e3o espanhola, com a chegada de Cristovam Colombo e posteriormente outros conquistadores, cuja ferocidade \u00e9 demonstrada na hist\u00f3ria em geral e nas v\u00e1rias passagens desta obra.<\/p>\n<p>Na segunda parte, vamos encontrar alguns dos personagens, renascendo na <em>\u201cNova Espanha\u201d<\/em>, em particular na Guatemala, com prop\u00f3sitos pr\u00e9-definidos dentro da lei de causa e efeito, vivenciando resgates e provas tendo como apoio, o espiritualismo nascente dos Estados Unidos da Am\u00e9rica e posteriormente, a filosofia esp\u00edrita atrav\u00e9s da codifica\u00e7\u00e3o Kardecista. Aborda ainda, problemas comuns das organiza\u00e7\u00f5es espiritistas crist\u00e3s, que ainda incipientes dos mecanismos divinos, s\u00e3o alvo de diversas perturba\u00e7\u00f5es por parte dos inimigos do Cristo que trabalham nos bastidores em nome das trevas.<\/p>\n","protected":false},"featured_media":11313,"comment_status":"open","ping_status":"closed","template":"","meta":[],"product_brand":[],"product_cat":[21],"product_tag":[29],"class_list":{"0":"post-7991","1":"product","2":"type-product","3":"status-publish","4":"has-post-thumbnail","6":"product_cat-e-book-amazon","7":"product_tag-livro","8":"product_shipping_class-sedex-pac","10":"first","11":"instock","12":"shipping-taxable","13":"product-type-external"},"_links":{"self":[{"href":"https:\/\/sementesdaboanova.org\/loja\/wp-json\/wp\/v2\/product\/7991","targetHints":{"allow":["GET"]}}],"collection":[{"href":"https:\/\/sementesdaboanova.org\/loja\/wp-json\/wp\/v2\/product"}],"about":[{"href":"https:\/\/sementesdaboanova.org\/loja\/wp-json\/wp\/v2\/types\/product"}],"replies":[{"embeddable":true,"href":"https:\/\/sementesdaboanova.org\/loja\/wp-json\/wp\/v2\/comments?post=7991"}],"wp:featuredmedia":[{"embeddable":true,"href":"https:\/\/sementesdaboanova.org\/loja\/wp-json\/wp\/v2\/media\/11313"}],"wp:attachment":[{"href":"https:\/\/sementesdaboanova.org\/loja\/wp-json\/wp\/v2\/media?parent=7991"}],"wp:term":[{"taxonomy":"product_brand","embeddable":true,"href":"https:\/\/sementesdaboanova.org\/loja\/wp-json\/wp\/v2\/product_brand?post=7991"},{"taxonomy":"product_cat","embeddable":true,"href":"https:\/\/sementesdaboanova.org\/loja\/wp-json\/wp\/v2\/product_cat?post=7991"},{"taxonomy":"product_tag","embeddable":true,"href":"https:\/\/sementesdaboanova.org\/loja\/wp-json\/wp\/v2\/product_tag?post=7991"}],"curies":[{"name":"wp","href":"https:\/\/api.w.org\/{rel}","templated":true}]}}