{"id":7992,"date":"2022-03-13T11:31:56","date_gmt":"2022-03-13T14:31:56","guid":{"rendered":"https:\/\/sementesdaboanova.org\/?post_type=product&#038;p=7992"},"modified":"2024-12-11T01:46:21","modified_gmt":"2024-12-11T04:46:21","slug":"a-abadia-de-aragosa-ebook","status":"publish","type":"product","link":"https:\/\/sementesdaboanova.org\/loja\/produto\/a-abadia-de-aragosa-ebook\/","title":{"rendered":"A Abadia de Aragosa &#8211; EBOOK"},"content":{"rendered":"<p><img loading=\"lazy\" decoding=\"async\" class=\"alignnone wp-image-5363\" src=\"https:\/\/sementesdaboanova.org\/wp-content\/uploads\/2020\/04\/CAPA-ABADIA-DE-ARAGOSA-1-206x300.jpg\" alt=\"\" width=\"163\" height=\"237\" srcset=\"https:\/\/sementesdaboanova.org\/loja\/wp-content\/uploads\/2020\/04\/CAPA-ABADIA-DE-ARAGOSA-1-206x300.jpg 206w, https:\/\/sementesdaboanova.org\/loja\/wp-content\/uploads\/2020\/04\/CAPA-ABADIA-DE-ARAGOSA-1-scaled-416x605.jpg 416w, https:\/\/sementesdaboanova.org\/loja\/wp-content\/uploads\/2020\/04\/CAPA-ABADIA-DE-ARAGOSA-1-704x1024.jpg 704w, https:\/\/sementesdaboanova.org\/loja\/wp-content\/uploads\/2020\/04\/CAPA-ABADIA-DE-ARAGOSA-1-768x1117.jpg 768w, https:\/\/sementesdaboanova.org\/loja\/wp-content\/uploads\/2020\/04\/CAPA-ABADIA-DE-ARAGOSA-1-1057x1536.jpg 1057w, https:\/\/sementesdaboanova.org\/loja\/wp-content\/uploads\/2020\/04\/CAPA-ABADIA-DE-ARAGOSA-1-1409x2048.jpg 1409w, https:\/\/sementesdaboanova.org\/loja\/wp-content\/uploads\/2020\/04\/CAPA-ABADIA-DE-ARAGOSA-1-600x872.jpg 600w, https:\/\/sementesdaboanova.org\/loja\/wp-content\/uploads\/2020\/04\/CAPA-ABADIA-DE-ARAGOSA-1-scaled.jpg 1761w\" sizes=\"auto, (max-width: 163px) 100vw, 163px\" \/><\/p>\n<p><strong>Sinopse da A Abadia de Aragosa<\/strong><\/p>\n<p>O Abadia de Aragosa \u00e9 um romance que retrata um per\u00edodo marcante na hist\u00f3ria da Espanha. A subida ao trono de Dom Fernando II e Isabel I, os famosos \u201cReis Cat\u00f3licos\u201d, originou profundas modifica\u00e7\u00f5es em toda a Europa. Com o incentivo \u00e0 pol\u00edtica expansionista mar\u00edtima levada a efeito pelo ent\u00e3o almirante Cristovam Colombo e a sua respectiva descoberta da Am\u00e9rica, aliado a consequente instala\u00e7\u00e3o do Tribunal do Santo Of\u00edcio, outorgou a Espanha tremendo poder e prest\u00edgio. A corrup\u00e7\u00e3o, a gan\u00e2ncia e a deturpa\u00e7\u00e3o das leis do Cristo tamb\u00e9m assinalaram vertiginosa queda de suas institui\u00e7\u00f5es, demarcando a luta entre o bem e o mal. A igreja como institui\u00e7\u00e3o milenar, teve nos primeiros crist\u00e3os, um modelo, um guia bem como a inspira\u00e7\u00e3o para muitos m\u00e1rtires, que ao longo da hist\u00f3ria sucumbiram dentro dos monast\u00e9rios e das abadias, retratando para posteridade os testemunhos de amor ao Cristo de Deus. A institui\u00e7\u00e3o humana \u00e9 escola divina de eterno aprendizado, e ningu\u00e9m ficar\u00e1 impune aos olhos de Deus, pois a quem muito foi dado muito ser\u00e1 cobrado, assim nos ensinara o excelso instrutor.<\/p>\n","protected":false},"excerpt":{"rendered":"<p>&nbsp;<\/p>\n<p><strong>Sinopse da A Abadia de Aragosa<\/strong><\/p>\n<p>O Abadia de Aragosa \u00e9 um romance que retrata um per\u00edodo marcante na hist\u00f3ria da Espanha. A subida ao trono de Dom Fernando II e Isabel I, os famosos \u201cReis Cat\u00f3licos\u201d, originou profundas modifica\u00e7\u00f5es em toda a Europa. Com o incentivo \u00e0 pol\u00edtica expansionista mar\u00edtima levada a efeito pelo ent\u00e3o almirante Cristovam Colombo e a sua respectiva descoberta da Am\u00e9rica, aliado a consequente instala\u00e7\u00e3o do Tribunal do Santo Of\u00edcio, outorgou a Espanha tremendo poder e prest\u00edgio. A corrup\u00e7\u00e3o, a gan\u00e2ncia e a deturpa\u00e7\u00e3o das leis do Cristo tamb\u00e9m assinalaram vertiginosa queda de suas institui\u00e7\u00f5es, demarcando a luta entre o bem e o mal. A igreja como institui\u00e7\u00e3o milenar, teve nos primeiros crist\u00e3os, um modelo, um guia bem como a inspira\u00e7\u00e3o para muitos m\u00e1rtires, que ao longo da hist\u00f3ria sucumbiram dentro dos monast\u00e9rios e das abadias, retratando para posteridade os testemunhos de amor ao Cristo de Deus. A institui\u00e7\u00e3o humana \u00e9 escola divina de eterno aprendizado, e ningu\u00e9m ficar\u00e1 impune aos olhos de Deus, pois a quem muito foi dado muito ser\u00e1 cobrado, assim nos ensinara o excelso instrutor.<\/p>\n","protected":false},"featured_media":11311,"comment_status":"open","ping_status":"closed","template":"","meta":[],"product_brand":[],"product_cat":[21],"product_tag":[29],"class_list":{"0":"post-7992","1":"product","2":"type-product","3":"status-publish","4":"has-post-thumbnail","6":"product_cat-e-book-amazon","7":"product_tag-livro","9":"first","10":"instock","11":"shipping-taxable","12":"product-type-external"},"_links":{"self":[{"href":"https:\/\/sementesdaboanova.org\/loja\/wp-json\/wp\/v2\/product\/7992","targetHints":{"allow":["GET"]}}],"collection":[{"href":"https:\/\/sementesdaboanova.org\/loja\/wp-json\/wp\/v2\/product"}],"about":[{"href":"https:\/\/sementesdaboanova.org\/loja\/wp-json\/wp\/v2\/types\/product"}],"replies":[{"embeddable":true,"href":"https:\/\/sementesdaboanova.org\/loja\/wp-json\/wp\/v2\/comments?post=7992"}],"wp:featuredmedia":[{"embeddable":true,"href":"https:\/\/sementesdaboanova.org\/loja\/wp-json\/wp\/v2\/media\/11311"}],"wp:attachment":[{"href":"https:\/\/sementesdaboanova.org\/loja\/wp-json\/wp\/v2\/media?parent=7992"}],"wp:term":[{"taxonomy":"product_brand","embeddable":true,"href":"https:\/\/sementesdaboanova.org\/loja\/wp-json\/wp\/v2\/product_brand?post=7992"},{"taxonomy":"product_cat","embeddable":true,"href":"https:\/\/sementesdaboanova.org\/loja\/wp-json\/wp\/v2\/product_cat?post=7992"},{"taxonomy":"product_tag","embeddable":true,"href":"https:\/\/sementesdaboanova.org\/loja\/wp-json\/wp\/v2\/product_tag?post=7992"}],"curies":[{"name":"wp","href":"https:\/\/api.w.org\/{rel}","templated":true}]}}