{"id":7993,"date":"2022-03-13T11:34:04","date_gmt":"2022-03-13T14:34:04","guid":{"rendered":"https:\/\/sementesdaboanova.org\/?post_type=product&#038;p=7993"},"modified":"2024-12-11T01:46:12","modified_gmt":"2024-12-11T04:46:12","slug":"gallienus-augustus-ebook","status":"publish","type":"product","link":"https:\/\/sementesdaboanova.org\/loja\/produto\/gallienus-augustus-ebook\/","title":{"rendered":"Gallienus Augustus &#8211; EBOOK"},"content":{"rendered":"<p>&nbsp;<\/p>\n<p><img loading=\"lazy\" decoding=\"async\" class=\"alignnone size-medium wp-image-5364\" src=\"https:\/\/sementesdaboanova.org\/wp-content\/uploads\/2020\/04\/Capa-05-238x300.jpg\" alt=\"\" width=\"238\" height=\"300\" srcset=\"https:\/\/sementesdaboanova.org\/loja\/wp-content\/uploads\/2020\/04\/Capa-05-238x300.jpg 238w, https:\/\/sementesdaboanova.org\/loja\/wp-content\/uploads\/2020\/04\/Capa-05-416x525.jpg 416w, https:\/\/sementesdaboanova.org\/loja\/wp-content\/uploads\/2020\/04\/Capa-05-768x970.jpg 768w, https:\/\/sementesdaboanova.org\/loja\/wp-content\/uploads\/2020\/04\/Capa-05-600x758.jpg 600w, https:\/\/sementesdaboanova.org\/loja\/wp-content\/uploads\/2020\/04\/Capa-05.jpg 779w\" sizes=\"auto, (max-width: 238px) 100vw, 238px\" \/><\/p>\n<p><strong>Sinopse de Gallienus Augustus<\/strong><\/p>\n<p>O romance medi\u00fanico Gallienus Augustus \u00e9 uma empolgante hist\u00f3ria da vida de Galiano, que assumira o poder em 260 DC ap\u00f3s a morte do pai, o imperador Valeriano. Por sua vez, ao assumir o legado paterno encontra Roma falida, corrupta e devassa. Suas medidas disciplinadoras iniciais n\u00e3o foram nada populares, contudo contando com o apoio de parte do Senado e das patentes mais elevadas do ex\u00e9rcito, enfrenta a terr\u00edvel crise do terceiro s\u00e9culo, al\u00e9m \u00e9 claro das constantes amea\u00e7as fronteiri\u00e7as.<br \/>\nNa segunda parte do livro encontramos os desdobramentos da lei de causa e efeito, agora vivendo sob nova roupagem, tendo como personagem principal, Metelo P\u00f3lux, governador da Sardenha. Este vive o drama de assumir-se como crist\u00e3o, tendo em vista as terr\u00edveis persegui\u00e7\u00f5es oriundas do per\u00edodo tetrarquico em especial, a sanha perseguidora do Imperador Gal\u00e9rio. Cheio de passagens hist\u00f3ricas e densa trama traz informa\u00e7\u00f5es importantes de dois per\u00edodos distintos do Imp\u00e9rio Romano.<\/p>\n","protected":false},"excerpt":{"rendered":"<p>O romance medi\u00fanico Gallienus Augustus<\/p>\n","protected":false},"featured_media":11310,"comment_status":"open","ping_status":"closed","template":"","meta":[],"product_brand":[],"product_cat":[21],"product_tag":[],"class_list":{"0":"post-7993","1":"product","2":"type-product","3":"status-publish","4":"has-post-thumbnail","6":"product_cat-e-book-amazon","7":"product_shipping_class-sedex-pac","9":"first","10":"instock","11":"featured","12":"shipping-taxable","13":"product-type-external"},"_links":{"self":[{"href":"https:\/\/sementesdaboanova.org\/loja\/wp-json\/wp\/v2\/product\/7993","targetHints":{"allow":["GET"]}}],"collection":[{"href":"https:\/\/sementesdaboanova.org\/loja\/wp-json\/wp\/v2\/product"}],"about":[{"href":"https:\/\/sementesdaboanova.org\/loja\/wp-json\/wp\/v2\/types\/product"}],"replies":[{"embeddable":true,"href":"https:\/\/sementesdaboanova.org\/loja\/wp-json\/wp\/v2\/comments?post=7993"}],"wp:featuredmedia":[{"embeddable":true,"href":"https:\/\/sementesdaboanova.org\/loja\/wp-json\/wp\/v2\/media\/11310"}],"wp:attachment":[{"href":"https:\/\/sementesdaboanova.org\/loja\/wp-json\/wp\/v2\/media?parent=7993"}],"wp:term":[{"taxonomy":"product_brand","embeddable":true,"href":"https:\/\/sementesdaboanova.org\/loja\/wp-json\/wp\/v2\/product_brand?post=7993"},{"taxonomy":"product_cat","embeddable":true,"href":"https:\/\/sementesdaboanova.org\/loja\/wp-json\/wp\/v2\/product_cat?post=7993"},{"taxonomy":"product_tag","embeddable":true,"href":"https:\/\/sementesdaboanova.org\/loja\/wp-json\/wp\/v2\/product_tag?post=7993"}],"curies":[{"name":"wp","href":"https:\/\/api.w.org\/{rel}","templated":true}]}}